{"id":554,"date":"2022-12-02T22:28:36","date_gmt":"2022-12-02T22:28:36","guid":{"rendered":"https:\/\/www.erbayoto.com.tr\/?page_id=554"},"modified":"2022-12-02T22:35:18","modified_gmt":"2022-12-02T22:35:18","slug":"erbayoto-hakkimizda","status":"publish","type":"page","link":"https:\/\/www.erbayoto.com.tr\/index.php\/erbayoto-hakkimizda\/","title":{"rendered":"Hakk\u0131m\u0131zda"},"content":{"rendered":"\t\t<div data-elementor-type=\"wp-page\" data-elementor-id=\"554\" class=\"elementor elementor-554\">\n\t\t\t\t\t\t<section class=\"elementor-section elementor-top-section elementor-element elementor-element-29dd88ea elementor-section-boxed elementor-section-height-default elementor-section-height-default\" data-id=\"29dd88ea\" data-element_type=\"section\">\n\t\t\t\t\t\t<div class=\"elementor-container elementor-column-gap-default\">\n\t\t\t\t\t<div class=\"elementor-column elementor-col-100 elementor-top-column elementor-element elementor-element-1cbd79ba\" data-id=\"1cbd79ba\" data-element_type=\"column\">\n\t\t\t<div class=\"elementor-widget-wrap elementor-element-populated\">\n\t\t\t\t\t\t<div class=\"elementor-element elementor-element-10eafb51 elementor-widget elementor-widget-text-editor\" data-id=\"10eafb51\" data-element_type=\"widget\" data-widget_type=\"text-editor.default\">\n\t\t\t\t<div class=\"elementor-widget-container\">\n\t\t\t\t\t\t\t\t\t\n<div id=\"wp-block-themeisle-blocks-advanced-columns-d85ecdb3\" class=\"wp-block-themeisle-blocks-advanced-columns has-0-columns has-desktop-undefined-layout has-tablet-equal-layout has-mobile-equal-layout has-vertical-unset\"><div class=\"wp-block-themeisle-blocks-advanced-columns-overlay\"><\/div><div class=\"innerblocks-wrap\"><\/div><\/div>\n\t\t\t\t\t\t\t\t<\/div>\n\t\t\t\t<\/div>\n\t\t\t\t\t<\/div>\n\t\t<\/div>\n\t\t\t\t\t<\/div>\n\t\t<\/section>\n\t\t\t\t<section class=\"elementor-section elementor-top-section elementor-element elementor-element-78fc258 elementor-section-boxed elementor-section-height-default elementor-section-height-default\" data-id=\"78fc258\" data-element_type=\"section\">\n\t\t\t\t\t\t<div class=\"elementor-container elementor-column-gap-default\">\n\t\t\t\t\t<div class=\"elementor-column elementor-col-50 elementor-top-column elementor-element elementor-element-a121e21\" data-id=\"a121e21\" data-element_type=\"column\">\n\t\t\t<div class=\"elementor-widget-wrap elementor-element-populated\">\n\t\t\t\t\t\t<div class=\"elementor-element elementor-element-139d142 elementor-widget elementor-widget-image\" data-id=\"139d142\" data-element_type=\"widget\" data-widget_type=\"image.default\">\n\t\t\t\t<div class=\"elementor-widget-container\">\n\t\t\t\t\t\t\t\t\t\t\t\t\t\t\t<img fetchpriority=\"high\" decoding=\"async\" width=\"575\" height=\"300\" src=\"https:\/\/www.erbayoto.com.tr\/wp-content\/uploads\/2022\/11\/erbayotoyedekparca.jpg\" class=\"attachment-large size-large wp-image-506\" alt=\"\" srcset=\"https:\/\/www.erbayoto.com.tr\/wp-content\/uploads\/2022\/11\/erbayotoyedekparca.jpg 575w, https:\/\/www.erbayoto.com.tr\/wp-content\/uploads\/2022\/11\/erbayotoyedekparca-200x104.jpg 200w, https:\/\/www.erbayoto.com.tr\/wp-content\/uploads\/2022\/11\/erbayotoyedekparca-64x33.jpg 64w, https:\/\/www.erbayoto.com.tr\/wp-content\/uploads\/2022\/11\/erbayotoyedekparca-300x157.jpg 300w\" sizes=\"(max-width: 575px) 100vw, 575px\" \/>\t\t\t\t\t\t\t\t\t\t\t\t\t\t\t<\/div>\n\t\t\t\t<\/div>\n\t\t\t\t\t<\/div>\n\t\t<\/div>\n\t\t\t\t<div class=\"elementor-column elementor-col-50 elementor-top-column elementor-element elementor-element-25667a5\" data-id=\"25667a5\" data-element_type=\"column\">\n\t\t\t<div class=\"elementor-widget-wrap elementor-element-populated\">\n\t\t\t\t\t\t<div class=\"elementor-element elementor-element-827ff29 elementor-widget elementor-widget-heading\" data-id=\"827ff29\" data-element_type=\"widget\" data-widget_type=\"heading.default\">\n\t\t\t\t<div class=\"elementor-widget-container\">\n\t\t\t\t\t<h2 class=\"elementor-heading-title elementor-size-default\">Hakk\u0131m\u0131zda<\/h2>\t\t\t\t<\/div>\n\t\t\t\t<\/div>\n\t\t\t\t<div class=\"elementor-element elementor-element-f554304 elementor-widget elementor-widget-text-editor\" data-id=\"f554304\" data-element_type=\"widget\" data-widget_type=\"text-editor.default\">\n\t\t\t\t<div class=\"elementor-widget-container\">\n\t\t\t\t\t\t\t\t\t<ul>\n<li>Erbay oto yedek par\u00e7a olarak Volkswagen, Skoda, Seat ve Audi markalar\u0131 i\u00e7in yedek par\u00e7a tedariki sa\u011fl\u0131yoruz. Erzurum merkez olmak \u00fczere, t\u00fcm Do\u011fu Anadolu B\u00f6lgesine uzun y\u0131llar\u0131n verdi\u011fi deneyimimiz ile m\u00fc\u015fterilerimize kaliteli, dayan\u0131kl\u0131 ve yenilik\u00e7i \u00fcr\u00fcnler sunuyoruz.<\/li>\n<\/ul>\t\t\t\t\t\t\t\t<\/div>\n\t\t\t\t<\/div>\n\t\t\t\t\t<\/div>\n\t\t<\/div>\n\t\t\t\t\t<\/div>\n\t\t<\/section>\n\t\t\t\t<section class=\"elementor-section elementor-top-section elementor-element elementor-element-0ac18bc elementor-section-boxed elementor-section-height-default elementor-section-height-default\" data-id=\"0ac18bc\" data-element_type=\"section\">\n\t\t\t\t\t\t<div class=\"elementor-container elementor-column-gap-default\">\n\t\t\t\t\t<div class=\"elementor-column elementor-col-50 elementor-top-column elementor-element elementor-element-89dd040\" data-id=\"89dd040\" data-element_type=\"column\">\n\t\t\t<div class=\"elementor-widget-wrap elementor-element-populated\">\n\t\t\t\t\t\t<div class=\"elementor-element elementor-element-65c4eaa elementor-widget elementor-widget-heading\" data-id=\"65c4eaa\" data-element_type=\"widget\" data-widget_type=\"heading.default\">\n\t\t\t\t<div class=\"elementor-widget-container\">\n\t\t\t\t\t<h2 class=\"elementor-heading-title elementor-size-default\">Hedeflerimiz<\/h2>\t\t\t\t<\/div>\n\t\t\t\t<\/div>\n\t\t\t\t<div class=\"elementor-element elementor-element-f8f2c50 elementor-widget elementor-widget-text-editor\" data-id=\"f8f2c50\" data-element_type=\"widget\" data-widget_type=\"text-editor.default\">\n\t\t\t\t<div class=\"elementor-widget-container\">\n\t\t\t\t\t\t\t\t\t<ul>\n<li>Yenilikleri ve teknolojik geli\u015fmeleri takip ederek oto yedek par\u00e7a alan\u0131nda geni\u015f \u00fcr\u00fcn yelpazesine sahip olmak.<\/li>\n<li>Dinamik, yenilik\u00e7i ve deneyimli bir ekibe sahip olmak.<\/li>\n<li>Kaliteli, verimli ve zaman\u0131nda teslimat yapmak.<\/li>\n<li>Sadece b\u00f6lgesel alanda de\u011fil ulusal alanda da tan\u0131nmak.<\/li>\n<\/ul>\t\t\t\t\t\t\t\t<\/div>\n\t\t\t\t<\/div>\n\t\t\t\t\t<\/div>\n\t\t<\/div>\n\t\t\t\t<div class=\"elementor-column elementor-col-50 elementor-top-column elementor-element elementor-element-6a50f8c\" data-id=\"6a50f8c\" data-element_type=\"column\">\n\t\t\t<div class=\"elementor-widget-wrap elementor-element-populated\">\n\t\t\t\t\t\t<div class=\"elementor-element elementor-element-1913e41 elementor-widget elementor-widget-heading\" data-id=\"1913e41\" data-element_type=\"widget\" data-widget_type=\"heading.default\">\n\t\t\t\t<div class=\"elementor-widget-container\">\n\t\t\t\t\t<h2 class=\"elementor-heading-title elementor-size-default\">De\u011ferlerimiz<\/h2>\t\t\t\t<\/div>\n\t\t\t\t<\/div>\n\t\t\t\t<div class=\"elementor-element elementor-element-f22f699 elementor-widget elementor-widget-text-editor\" data-id=\"f22f699\" data-element_type=\"widget\" data-widget_type=\"text-editor.default\">\n\t\t\t\t<div class=\"elementor-widget-container\">\n\t\t\t\t\t\t\t\t\t<ul>\n<li style=\"color: #000000;\">Pazarlama, sat\u0131\u015f ve sat\u0131\u015f sonras\u0131nda m\u00fc\u015fteri memnuniyeti sa\u011flamak.<\/li>\n<li style=\"color: #000000;\">G\u00fcvenilirli\u011fimiz ve kalitemiz ile samimiyet duygular\u0131n\u0131 g\u00fc\u00e7lendirmek.<\/li>\n<li style=\"color: #000000;\">Her ko\u015ful alt\u0131nda, \u00e7al\u0131\u015fanlar\u0131m\u0131za ve i\u015f ortaklar\u0131m\u0131za kar\u015f\u0131 adil bir yakla\u015f\u0131m sergilemek.<\/li>\n<\/ul>\t\t\t\t\t\t\t\t<\/div>\n\t\t\t\t<\/div>\n\t\t\t\t\t<\/div>\n\t\t<\/div>\n\t\t\t\t\t<\/div>\n\t\t<\/section>\n\t\t\t\t<\/div>\n\t\t","protected":false},"excerpt":{"rendered":"<p>Hakk\u0131m\u0131zda Erbay oto yedek par\u00e7a olarak Volkswagen, Skoda, Seat ve Audi markalar\u0131 i\u00e7in yedek par\u00e7a tedariki sa\u011fl\u0131yoruz. Erzurum merkez olmak \u00fczere, t\u00fcm Do\u011fu Anadolu B\u00f6lgesine uzun y\u0131llar\u0131n verdi\u011fi deneyimimiz ile m\u00fc\u015fterilerimize kaliteli, dayan\u0131kl\u0131 ve yenilik\u00e7i \u00fcr\u00fcnler sunuyoruz. Hedeflerimiz Yenilikleri ve teknolojik geli\u015fmeleri takip ederek oto yedek par\u00e7a alan\u0131nda geni\u015f \u00fcr\u00fcn yelpazesine sahip olmak. Dinamik, yenilik\u00e7i [&hellip;]<\/p>\n","protected":false},"author":1,"featured_media":0,"parent":0,"menu_order":0,"comment_status":"closed","ping_status":"closed","template":"","meta":{"footnotes":""},"class_list":["post-554","page","type-page","status-publish","hentry"],"yoast_head":"<!-- This site is optimized with the Yoast SEO plugin v26.5 - https:\/\/yoast.com\/wordpress\/plugins\/seo\/ -->\n<title>Hakk\u0131m\u0131zda - Erbay Oto Yedek Par\u00e7a<\/title>\n<meta name=\"robots\" content=\"index, follow, max-snippet:-1, max-image-preview:large, max-video-preview:-1\" \/>\n<link rel=\"canonical\" href=\"https:\/\/www.erbayoto.com.tr\/index.php\/erbayoto-hakkimizda\/\" \/>\n<meta property=\"og:locale\" content=\"tr_TR\" \/>\n<meta property=\"og:type\" content=\"article\" \/>\n<meta property=\"og:title\" content=\"Hakk\u0131m\u0131zda - Erbay Oto Yedek Par\u00e7a\" \/>\n<meta property=\"og:description\" content=\"Hakk\u0131m\u0131zda Erbay oto yedek par\u00e7a olarak Volkswagen, Skoda, Seat ve Audi markalar\u0131 i\u00e7in yedek par\u00e7a tedariki sa\u011fl\u0131yoruz. Erzurum merkez olmak \u00fczere, t\u00fcm Do\u011fu Anadolu B\u00f6lgesine uzun y\u0131llar\u0131n verdi\u011fi deneyimimiz ile m\u00fc\u015fterilerimize kaliteli, dayan\u0131kl\u0131 ve yenilik\u00e7i \u00fcr\u00fcnler sunuyoruz. Hedeflerimiz Yenilikleri ve teknolojik geli\u015fmeleri takip ederek oto yedek par\u00e7a alan\u0131nda geni\u015f \u00fcr\u00fcn yelpazesine sahip olmak. Dinamik, yenilik\u00e7i [&hellip;]\" \/>\n<meta property=\"og:url\" content=\"https:\/\/www.erbayoto.com.tr\/index.php\/erbayoto-hakkimizda\/\" \/>\n<meta property=\"og:site_name\" content=\"Erbay Oto Yedek Par\u00e7a\" \/>\n<meta property=\"article:publisher\" content=\"https:\/\/www.facebook.com\/erbayotocomtr\" \/>\n<meta property=\"article:modified_time\" content=\"2022-12-02T22:35:18+00:00\" \/>\n<meta property=\"og:image\" content=\"https:\/\/www.erbayoto.com.tr\/wp-content\/uploads\/2022\/11\/erbayotoyedekparca.jpg\" \/>\n<meta name=\"twitter:card\" content=\"summary_large_image\" \/>\n<meta name=\"twitter:label1\" content=\"Tahmini okuma s\u00fcresi\" \/>\n\t<meta name=\"twitter:data1\" content=\"1 dakika\" \/>\n<script type=\"application\/ld+json\" class=\"yoast-schema-graph\">{\"@context\":\"https:\/\/schema.org\",\"@graph\":[{\"@type\":\"WebPage\",\"@id\":\"https:\/\/www.erbayoto.com.tr\/index.php\/erbayoto-hakkimizda\/\",\"url\":\"https:\/\/www.erbayoto.com.tr\/index.php\/erbayoto-hakkimizda\/\",\"name\":\"Hakk\u0131m\u0131zda - Erbay Oto Yedek Par\u00e7a\",\"isPartOf\":{\"@id\":\"https:\/\/www.erbayoto.com.tr\/#website\"},\"primaryImageOfPage\":{\"@id\":\"https:\/\/www.erbayoto.com.tr\/index.php\/erbayoto-hakkimizda\/#primaryimage\"},\"image\":{\"@id\":\"https:\/\/www.erbayoto.com.tr\/index.php\/erbayoto-hakkimizda\/#primaryimage\"},\"thumbnailUrl\":\"https:\/\/www.erbayoto.com.tr\/wp-content\/uploads\/2022\/11\/erbayotoyedekparca.jpg\",\"datePublished\":\"2022-12-02T22:28:36+00:00\",\"dateModified\":\"2022-12-02T22:35:18+00:00\",\"breadcrumb\":{\"@id\":\"https:\/\/www.erbayoto.com.tr\/index.php\/erbayoto-hakkimizda\/#breadcrumb\"},\"inLanguage\":\"tr\",\"potentialAction\":[{\"@type\":\"ReadAction\",\"target\":[\"https:\/\/www.erbayoto.com.tr\/index.php\/erbayoto-hakkimizda\/\"]}]},{\"@type\":\"ImageObject\",\"inLanguage\":\"tr\",\"@id\":\"https:\/\/www.erbayoto.com.tr\/index.php\/erbayoto-hakkimizda\/#primaryimage\",\"url\":\"https:\/\/www.erbayoto.com.tr\/wp-content\/uploads\/2022\/11\/erbayotoyedekparca.jpg\",\"contentUrl\":\"https:\/\/www.erbayoto.com.tr\/wp-content\/uploads\/2022\/11\/erbayotoyedekparca.jpg\",\"width\":575,\"height\":300},{\"@type\":\"BreadcrumbList\",\"@id\":\"https:\/\/www.erbayoto.com.tr\/index.php\/erbayoto-hakkimizda\/#breadcrumb\",\"itemListElement\":[{\"@type\":\"ListItem\",\"position\":1,\"name\":\"Anasayfa\",\"item\":\"https:\/\/www.erbayoto.com.tr\/\"},{\"@type\":\"ListItem\",\"position\":2,\"name\":\"Hakk\u0131m\u0131zda\"}]},{\"@type\":\"WebSite\",\"@id\":\"https:\/\/www.erbayoto.com.tr\/#website\",\"url\":\"https:\/\/www.erbayoto.com.tr\/\",\"name\":\"Erbay Oto Yedek Par\u00e7a - Do\u011fu Anadolu Oto Yedek Par\u00e7a\",\"description\":\"Erzurum Oto Yedek Par\u00e7a\",\"publisher\":{\"@id\":\"https:\/\/www.erbayoto.com.tr\/#organization\"},\"alternateName\":\"Erbay Oto Yedek Par\u00e7a - Erzurum Oto Yedek Par\u00e7a\",\"potentialAction\":[{\"@type\":\"SearchAction\",\"target\":{\"@type\":\"EntryPoint\",\"urlTemplate\":\"https:\/\/www.erbayoto.com.tr\/?s={search_term_string}\"},\"query-input\":{\"@type\":\"PropertyValueSpecification\",\"valueRequired\":true,\"valueName\":\"search_term_string\"}}],\"inLanguage\":\"tr\"},{\"@type\":\"Organization\",\"@id\":\"https:\/\/www.erbayoto.com.tr\/#organization\",\"name\":\"Erbay Oto Yedek Par\u00e7a - Do\u011fu Anadolu Oto Yedek Par\u00e7a\",\"url\":\"https:\/\/www.erbayoto.com.tr\/\",\"logo\":{\"@type\":\"ImageObject\",\"inLanguage\":\"tr\",\"@id\":\"https:\/\/www.erbayoto.com.tr\/#\/schema\/logo\/image\/\",\"url\":\"https:\/\/www.erbayoto.com.tr\/wp-content\/uploads\/2022\/12\/ERBAY-300-\u00d7-300-piksel-6.png\",\"contentUrl\":\"https:\/\/www.erbayoto.com.tr\/wp-content\/uploads\/2022\/12\/ERBAY-300-\u00d7-300-piksel-6.png\",\"width\":300,\"height\":200,\"caption\":\"Erbay Oto Yedek Par\u00e7a - Do\u011fu Anadolu Oto Yedek Par\u00e7a\"},\"image\":{\"@id\":\"https:\/\/www.erbayoto.com.tr\/#\/schema\/logo\/image\/\"},\"sameAs\":[\"https:\/\/www.facebook.com\/erbayotocomtr\",\"https:\/\/www.instagram.com\/erbayotocomtr\/\"]}]}<\/script>\n<!-- \/ Yoast SEO plugin. -->","yoast_head_json":{"title":"Hakk\u0131m\u0131zda - Erbay Oto Yedek Par\u00e7a","robots":{"index":"index","follow":"follow","max-snippet":"max-snippet:-1","max-image-preview":"max-image-preview:large","max-video-preview":"max-video-preview:-1"},"canonical":"https:\/\/www.erbayoto.com.tr\/index.php\/erbayoto-hakkimizda\/","og_locale":"tr_TR","og_type":"article","og_title":"Hakk\u0131m\u0131zda - Erbay Oto Yedek Par\u00e7a","og_description":"Hakk\u0131m\u0131zda Erbay oto yedek par\u00e7a olarak Volkswagen, Skoda, Seat ve Audi markalar\u0131 i\u00e7in yedek par\u00e7a tedariki sa\u011fl\u0131yoruz. Erzurum merkez olmak \u00fczere, t\u00fcm Do\u011fu Anadolu B\u00f6lgesine uzun y\u0131llar\u0131n verdi\u011fi deneyimimiz ile m\u00fc\u015fterilerimize kaliteli, dayan\u0131kl\u0131 ve yenilik\u00e7i \u00fcr\u00fcnler sunuyoruz. Hedeflerimiz Yenilikleri ve teknolojik geli\u015fmeleri takip ederek oto yedek par\u00e7a alan\u0131nda geni\u015f \u00fcr\u00fcn yelpazesine sahip olmak. Dinamik, yenilik\u00e7i [&hellip;]","og_url":"https:\/\/www.erbayoto.com.tr\/index.php\/erbayoto-hakkimizda\/","og_site_name":"Erbay Oto Yedek Par\u00e7a","article_publisher":"https:\/\/www.facebook.com\/erbayotocomtr","article_modified_time":"2022-12-02T22:35:18+00:00","og_image":[{"url":"https:\/\/www.erbayoto.com.tr\/wp-content\/uploads\/2022\/11\/erbayotoyedekparca.jpg","type":"","width":"","height":""}],"twitter_card":"summary_large_image","twitter_misc":{"Tahmini okuma s\u00fcresi":"1 dakika"},"schema":{"@context":"https:\/\/schema.org","@graph":[{"@type":"WebPage","@id":"https:\/\/www.erbayoto.com.tr\/index.php\/erbayoto-hakkimizda\/","url":"https:\/\/www.erbayoto.com.tr\/index.php\/erbayoto-hakkimizda\/","name":"Hakk\u0131m\u0131zda - Erbay Oto Yedek Par\u00e7a","isPartOf":{"@id":"https:\/\/www.erbayoto.com.tr\/#website"},"primaryImageOfPage":{"@id":"https:\/\/www.erbayoto.com.tr\/index.php\/erbayoto-hakkimizda\/#primaryimage"},"image":{"@id":"https:\/\/www.erbayoto.com.tr\/index.php\/erbayoto-hakkimizda\/#primaryimage"},"thumbnailUrl":"https:\/\/www.erbayoto.com.tr\/wp-content\/uploads\/2022\/11\/erbayotoyedekparca.jpg","datePublished":"2022-12-02T22:28:36+00:00","dateModified":"2022-12-02T22:35:18+00:00","breadcrumb":{"@id":"https:\/\/www.erbayoto.com.tr\/index.php\/erbayoto-hakkimizda\/#breadcrumb"},"inLanguage":"tr","potentialAction":[{"@type":"ReadAction","target":["https:\/\/www.erbayoto.com.tr\/index.php\/erbayoto-hakkimizda\/"]}]},{"@type":"ImageObject","inLanguage":"tr","@id":"https:\/\/www.erbayoto.com.tr\/index.php\/erbayoto-hakkimizda\/#primaryimage","url":"https:\/\/www.erbayoto.com.tr\/wp-content\/uploads\/2022\/11\/erbayotoyedekparca.jpg","contentUrl":"https:\/\/www.erbayoto.com.tr\/wp-content\/uploads\/2022\/11\/erbayotoyedekparca.jpg","width":575,"height":300},{"@type":"BreadcrumbList","@id":"https:\/\/www.erbayoto.com.tr\/index.php\/erbayoto-hakkimizda\/#breadcrumb","itemListElement":[{"@type":"ListItem","position":1,"name":"Anasayfa","item":"https:\/\/www.erbayoto.com.tr\/"},{"@type":"ListItem","position":2,"name":"Hakk\u0131m\u0131zda"}]},{"@type":"WebSite","@id":"https:\/\/www.erbayoto.com.tr\/#website","url":"https:\/\/www.erbayoto.com.tr\/","name":"Erbay Oto Yedek Par\u00e7a - Do\u011fu Anadolu Oto Yedek Par\u00e7a","description":"Erzurum Oto Yedek Par\u00e7a","publisher":{"@id":"https:\/\/www.erbayoto.com.tr\/#organization"},"alternateName":"Erbay Oto Yedek Par\u00e7a - Erzurum Oto Yedek Par\u00e7a","potentialAction":[{"@type":"SearchAction","target":{"@type":"EntryPoint","urlTemplate":"https:\/\/www.erbayoto.com.tr\/?s={search_term_string}"},"query-input":{"@type":"PropertyValueSpecification","valueRequired":true,"valueName":"search_term_string"}}],"inLanguage":"tr"},{"@type":"Organization","@id":"https:\/\/www.erbayoto.com.tr\/#organization","name":"Erbay Oto Yedek Par\u00e7a - Do\u011fu Anadolu Oto Yedek Par\u00e7a","url":"https:\/\/www.erbayoto.com.tr\/","logo":{"@type":"ImageObject","inLanguage":"tr","@id":"https:\/\/www.erbayoto.com.tr\/#\/schema\/logo\/image\/","url":"https:\/\/www.erbayoto.com.tr\/wp-content\/uploads\/2022\/12\/ERBAY-300-\u00d7-300-piksel-6.png","contentUrl":"https:\/\/www.erbayoto.com.tr\/wp-content\/uploads\/2022\/12\/ERBAY-300-\u00d7-300-piksel-6.png","width":300,"height":200,"caption":"Erbay Oto Yedek Par\u00e7a - Do\u011fu Anadolu Oto Yedek Par\u00e7a"},"image":{"@id":"https:\/\/www.erbayoto.com.tr\/#\/schema\/logo\/image\/"},"sameAs":["https:\/\/www.facebook.com\/erbayotocomtr","https:\/\/www.instagram.com\/erbayotocomtr\/"]}]}},"_links":{"self":[{"href":"https:\/\/www.erbayoto.com.tr\/index.php\/wp-json\/wp\/v2\/pages\/554","targetHints":{"allow":["GET"]}}],"collection":[{"href":"https:\/\/www.erbayoto.com.tr\/index.php\/wp-json\/wp\/v2\/pages"}],"about":[{"href":"https:\/\/www.erbayoto.com.tr\/index.php\/wp-json\/wp\/v2\/types\/page"}],"author":[{"embeddable":true,"href":"https:\/\/www.erbayoto.com.tr\/index.php\/wp-json\/wp\/v2\/users\/1"}],"replies":[{"embeddable":true,"href":"https:\/\/www.erbayoto.com.tr\/index.php\/wp-json\/wp\/v2\/comments?post=554"}],"version-history":[{"count":5,"href":"https:\/\/www.erbayoto.com.tr\/index.php\/wp-json\/wp\/v2\/pages\/554\/revisions"}],"predecessor-version":[{"id":563,"href":"https:\/\/www.erbayoto.com.tr\/index.php\/wp-json\/wp\/v2\/pages\/554\/revisions\/563"}],"wp:attachment":[{"href":"https:\/\/www.erbayoto.com.tr\/index.php\/wp-json\/wp\/v2\/media?parent=554"}],"curies":[{"name":"wp","href":"https:\/\/api.w.org\/{rel}","templated":true}]}}